{"id":80,"date":"2022-05-19T10:14:52","date_gmt":"2022-05-19T10:14:52","guid":{"rendered":"https:\/\/www.pocinhobay.com\/?page_id=80"},"modified":"2022-12-02T16:26:58","modified_gmt":"2022-12-02T16:26:58","slug":"termos-e-condicoes","status":"publish","type":"page","link":"https:\/\/www.pocinhobay.com\/pt-pt\/termos-e-condicoes\/","title":{"rendered":"Termos e Condi\u00e7\u00f5es"},"content":{"rendered":"<p>TERMOS E CONDI\u00c7\u00d5ES &#8211; POCINHOBAY<\/p>\n<p>&nbsp;<\/p>\n<p><strong>RESERVAS<\/strong><\/p>\n<p>Estadia m\u00ednima. 2 noites<\/p>\n<div class=\"ql-block\" data-block-id=\"block-2cdec21b-85ce-45e4-8ebd-60a45a4fea7f\">Check in entre as 14 e as 20 horas<br \/>\nCheck out at\u00e9 as 12 horas<\/div>\n<p>Cama extra: apenas para crian\u00e7as at\u00e9 16 anos de idade (obrigat\u00f3rio confirmar a disponibilidade diretamente com o hotel)<\/p>\n<p>Pol\u00edtica de cancelamento: Esta \u00e9 uma reserva pr\u00e9-paga e n\u00e3o reembols\u00e1vel em qualquer caso (aconselhamos a contrata\u00e7\u00e3o de um seguro de viagem)<\/p>\n<p>Impostos e taxas est\u00e3o inclu\u00eddos no pre\u00e7o apresentado<\/p>\n<p>&nbsp;<\/p>\n<p>&nbsp;<\/p>\n<p><strong>VINHOS<\/strong><\/p>\n<p>Esta transa\u00e7\u00e3o rege-se pelo estabelecido no Decreto-Lei n.\u00ba 84\/2021, de 18 de outubro<\/p>\n<p>Eventuais diverg\u00eancias dever\u00e3o ser resolvidas com recurso ao Tribunal da Comarca de S\u00e3o Roque do Pico<\/p>\n<p>Aos pre\u00e7os apresentados nos produtos acresce o respetivo valor dos portes (sujeito a consulta)<\/p>\n<p>&nbsp;<\/p>\n","protected":false},"excerpt":{"rendered":"<p>TERMOS E CONDI\u00c7\u00d5ES &#8211; POCINHOBAY &nbsp; RESERVAS Estadia m\u00ednima. 2 noites Check in entre as 14 e as 20 horas Check out at\u00e9 as 12 horas Cama extra: apenas para crian\u00e7as at\u00e9 16 anos de idade (obrigat\u00f3rio confirmar a disponibilidade diretamente com o hotel) Pol\u00edtica de cancelamento: Esta \u00e9 uma reserva pr\u00e9-paga e n\u00e3o reembols\u00e1vel [&hellip;]<\/p>\n","protected":false},"author":1,"featured_media":0,"parent":0,"menu_order":0,"comment_status":"closed","ping_status":"closed","template":"","meta":{"_acf_changed":false,"footnotes":""},"class_list":["post-80","page","type-page","status-publish","hentry"],"acf":[],"_links":{"self":[{"href":"https:\/\/www.pocinhobay.com\/pt-pt\/wp-json\/wp\/v2\/pages\/80","targetHints":{"allow":["GET"]}}],"collection":[{"href":"https:\/\/www.pocinhobay.com\/pt-pt\/wp-json\/wp\/v2\/pages"}],"about":[{"href":"https:\/\/www.pocinhobay.com\/pt-pt\/wp-json\/wp\/v2\/types\/page"}],"author":[{"embeddable":true,"href":"https:\/\/www.pocinhobay.com\/pt-pt\/wp-json\/wp\/v2\/users\/1"}],"replies":[{"embeddable":true,"href":"https:\/\/www.pocinhobay.com\/pt-pt\/wp-json\/wp\/v2\/comments?post=80"}],"version-history":[{"count":5,"href":"https:\/\/www.pocinhobay.com\/pt-pt\/wp-json\/wp\/v2\/pages\/80\/revisions"}],"predecessor-version":[{"id":1127,"href":"https:\/\/www.pocinhobay.com\/pt-pt\/wp-json\/wp\/v2\/pages\/80\/revisions\/1127"}],"wp:attachment":[{"href":"https:\/\/www.pocinhobay.com\/pt-pt\/wp-json\/wp\/v2\/media?parent=80"}],"curies":[{"name":"wp","href":"https:\/\/api.w.org\/{rel}","templated":true}]}}